{"id":2296,"date":"2026-01-29T11:42:36","date_gmt":"2026-01-29T11:42:36","guid":{"rendered":"https:\/\/cladding.gr\/product\/pvc-paneele-mit-marmoroptik-panastone-ps101-bianco-carrara\/"},"modified":"2026-01-29T11:42:36","modified_gmt":"2026-01-29T11:42:36","slug":"pvc-paneele-mit-marmoroptik-panastone-ps101-bianco-carrara","status":"publish","type":"product","link":"https:\/\/cladding.gr\/de\/produkt\/pvc-paneele-mit-marmoroptik-panastone-ps101-bianco-carrara\/","title":{"rendered":"PVC-Paneele mit Marmoroptik Panastone \u2013 PS101 Bianco Carrara"},"content":{"rendered":"<p>Dekorative PVC-Paneele zeichnen sich aus durch:<br \/>\n\u2013 100 % wasser- und feuchtigkeitsbest\u00e4ndig<br \/>\n\u2013 Oberfl\u00e4chen in naturgetreuer Marmoroptik<br \/>\n\u2013 Antibakterieller Schutz<br \/>\n\u2013 Geringes Gewicht und einfacher Transport<br \/>\n\u2013 Glatte und gl\u00e4nzende Oberfl\u00e4che<br \/>\n\u2013 Ausgezeichnetes Preis-Leistungs-Verh\u00e4ltnis<br \/>\n\u2013 Ideal f\u00fcr schnelle Renovierungen, da sie direkt auf bestehende Oberfl\u00e4chen wie Fliesen oder Tapeten angebracht werden k\u00f6nnen.<\/p>\n<p>Ma\u00dfe<br \/>\n2800 x 1220 x 2,8 mm<\/p>\n<p>Technische Daten<br \/>\n\u2013 Die nicht-por\u00f6se PVC-Oberfl\u00e4che ist wasser- und dampfundurchl\u00e4ssig, was das Wachstum von Bakterien und Schimmelpilzen hemmt (Microbial Growth Level \u201e0\u201c)<br \/>\n\u2013 100 % wasser- und feuchtigkeitsbest\u00e4ndig<br \/>\n\u2013 Geringes Gewicht und einfacher Transport<br \/>\n\u2013 Best\u00e4ndigkeit gegen Mikrokratzer (European standard UV lacquer)<br \/>\n\u2013 Brandschutzklasse B1<br \/>\n\u2013 Glatte und gl\u00e4nzende Oberfl\u00e4che<br \/>\n\u2013 Oberfl\u00e4chen in naturgetreuer Marmoroptik<br \/>\n\u2013 Dicke \u00b1 3 %<\/p>\n","protected":false},"excerpt":{"rendered":"<p>Entscheiden Sie sich f\u00fcr die neue Kollektion der PANASTONE PVC-Wandpaneele, ein langlebiges, gl\u00e4nzendes und funktionales Produkt. Die Paneele der Kollektion vereinen \u00c4sthetik, Funktionalit\u00e4t und ein ausgezeichnetes Preis-Leistungs-Verh\u00e4ltnis.<br \/>\nSie verf\u00fcgen \u00fcber eine besonders gl\u00e4nzende Oberfl\u00e4che und eine praktische Abmessung von 2800 \u00d7 1220 mm bei einer Dicke von 2,8 mm.<\/p>\n<p>Die neuen PVC Decorative Wall Panels von cladding.gr bieten Farben und Texturen, die Ihre W\u00e4nde in jedem Raum auf modernste Weise verkleiden:<br \/>\n\u2013 HO.RE.CA. und Gesch\u00e4fte (Rezeption, Lobby, Ausstellungsr\u00e4ume, Hotelzimmer)<br \/>\n\u2013 Wohnbereiche (Wohnzimmer, Badezimmer, Schlafzimmer, Flure)<br \/>\nEntdecken Sie die ersten sechs Farben der neuen Kollektion! <\/p>\n","protected":false},"featured_media":1758,"comment_status":"open","ping_status":"open","template":"","meta":{"_acf_changed":false},"product_brand":[116],"product_cat":[176],"product_tag":[],"class_list":{"0":"post-2296","1":"product","2":"type-product","3":"status-publish","4":"has-post-thumbnail","6":"product_brand-panastone","7":"product_cat-pvc-paneele-mit-marmoroptik","9":"first","10":"instock","11":"purchasable","12":"product-type-variable"},"acf":[],"_links":{"self":[{"href":"https:\/\/cladding.gr\/de\/wp-json\/wp\/v2\/product\/2296","targetHints":{"allow":["GET"]}}],"collection":[{"href":"https:\/\/cladding.gr\/de\/wp-json\/wp\/v2\/product"}],"about":[{"href":"https:\/\/cladding.gr\/de\/wp-json\/wp\/v2\/types\/product"}],"replies":[{"embeddable":true,"href":"https:\/\/cladding.gr\/de\/wp-json\/wp\/v2\/comments?post=2296"}],"wp:featuredmedia":[{"embeddable":true,"href":"https:\/\/cladding.gr\/de\/wp-json\/wp\/v2\/media\/1758"}],"wp:attachment":[{"href":"https:\/\/cladding.gr\/de\/wp-json\/wp\/v2\/media?parent=2296"}],"wp:term":[{"taxonomy":"product_brand","embeddable":true,"href":"https:\/\/cladding.gr\/de\/wp-json\/wp\/v2\/product_brand?post=2296"},{"taxonomy":"product_cat","embeddable":true,"href":"https:\/\/cladding.gr\/de\/wp-json\/wp\/v2\/product_cat?post=2296"},{"taxonomy":"product_tag","embeddable":true,"href":"https:\/\/cladding.gr\/de\/wp-json\/wp\/v2\/product_tag?post=2296"}],"curies":[{"name":"wp","href":"https:\/\/api.w.org\/{rel}","templated":true}]}}