{"id":2273,"date":"2026-01-29T11:42:23","date_gmt":"2026-01-29T11:42:23","guid":{"rendered":"https:\/\/cladding.gr\/product\/3d-akustikpaneel-pet-felt-pvc-eiche-natur\/"},"modified":"2026-01-29T11:42:23","modified_gmt":"2026-01-29T11:42:23","slug":"3d-akustikpaneel-pet-felt-pvc-eiche-natur","status":"publish","type":"product","link":"https:\/\/cladding.gr\/de\/produkt\/3d-akustikpaneel-pet-felt-pvc-eiche-natur\/","title":{"rendered":"3D Akustikpaneel Pet Felt \u2013 PVC Eiche Natur"},"content":{"rendered":"<p>Das schallabsorbierende PET-Material ist ein por\u00f6ses Material mit Filz, das Schallwellen auf einzigartige Weise beeinflusst. Es erzeugt einen Weg, bei dem W\u00e4rme ein Nebenprodukt der Reibung ist.<br \/>\nWenn Schallwellen durch ein por\u00f6ses Material wie Filz dringen, trifft die Welle auf die Fasern und prallt zwischen den kleinen Luftr\u00e4umen zwischen diesen Fasern ab. Die Fasern und Lufteinschl\u00fcsse absorbieren und reflektieren die Schallwellen und verlangsamen sie allm\u00e4hlich.<br \/>\nSchallabsorption ist ein grundlegendes Element der Innenarchitektur. Sie h\u00e4ngt vom Raum selbst ab, von der Art der darin vorhandenen Materialien, deren Positionierung in Bezug auf L\u00e4rmquellen, der Schallreflexion und dem gesamten Ger\u00e4uschpegel der Umgebung. <\/p>\n<p>cladding.gr unterst\u00fctzt architektonisches Design und bietet Ihnen eine Reihe schallabsorbierender Produkte.<br \/>\nDie PET Felt Paneele zeichnen sich durch ihren einzigartigen Streifeneffekt aus, der B\u00fcros, Konferenzr\u00e4umen, Bildungseinrichtungen und Gastgewerbebereichen einen modernen und eleganten Charakter verleiht.<\/p>\n<p>Abmessungen \u2013 Eigenschaften<br \/>\nMaterial der Lamellen: MDF<br \/>\nBeschichtungsmaterial: PVC<br \/>\nPaneelabmessung: 2780 x 570 mm<br \/>\nGesamtgewicht: 11-13 kg (+\/- 10%)<br \/>\nPET-Dichte: 1700 g\/m\u00b2<br \/>\nPET-Dicke: 9 mm<br \/>\nLamellendicke: 12 mm<br \/>\nLamellenbreite: 26 mm<br \/>\nAbstand: 17,5 mm<\/p>\n<p>Herausragende Anwendungen<br \/>\n\u2022 Schaffung schallged\u00e4mmter Zonen in Open-Space-B\u00fcros<br \/>\n\u2022 Verbesserung der Akustik in Konferenz- und Bildungsr\u00e4umen<br \/>\n\u2022 Dekoration mit funktionalem Vorteil in Gastronomie- und Hotelbereichen<br \/>\n\u2022 Dekoration mit zeitlosem Charakter und Holzoptik<br \/>\n\u2022 Steigerung der Produktivit\u00e4t in Arbeitsbereichen<\/p>\n<p>Warum PET Felt Paneele w\u00e4hlen<br \/>\nHohe Leistung<br \/>\nSie sind sowohl f\u00fcr gewerbliche als auch f\u00fcr private R\u00e4ume (Wohnungen) konzipiert.<br \/>\nDie Paneele bieten eine beeindruckende Schallabsorption und verbessern den Komfort.<\/p>\n<p>Umweltfreundlich<br \/>\nSie werden aus recycelten Materialien hergestellt, f\u00f6rdern nachhaltige Entwicklung und vereinen \u00c4sthetik mit Umweltverantwortung.<\/p>\n<p>Designflexibilit\u00e4t<br \/>\nIhre einfache Anpassungsf\u00e4higkeit an verschiedene Formen und Gr\u00f6\u00dfen macht sie ideal f\u00fcr anspruchsvolle Architekturprojekte.<\/p>\n<p>Zuverl\u00e4ssigkeit von Cladding.gr<br \/>\nCladding.gr gew\u00e4hrleistet Unterst\u00fctzung und die Lieferung absolut hochwertiger Produkte, die den Marktanforderungen entsprechen.<\/p>\n","protected":false},"excerpt":{"rendered":"<p>Schallabsorbierende Paneele aus PET &amp; MDF-Lamellen mit PVC-Beschichtung oder Naturfurnier.<br \/>\nModerne \u00c4sthetik, Design mit Streifeneffekt.<br \/>\ncladding.gr bietet dem griechischen Markt PET Felt, eine Kollektion von Akustikpaneelen, die f\u00fcr Projekte mit h\u00f6chster \u00c4sthetik in Kombination mit hervorragenden schallabsorbierenden Eigenschaften konzipiert sind. Die PET Felt Paneele zeichnen sich durch ihren einzigartigen Streifeneffekt aus, der B\u00fcros, Konferenzr\u00e4umen, Bildungseinrichtungen und Gastronomiebereichen einen modernen und eleganten Charakter verleiht. <\/p>\n<p>Die Abmessungen jedes St\u00fccks sind:<br \/>\n2780 mm x 570 mm x 21 mm<\/p>\n","protected":false},"featured_media":1749,"comment_status":"open","ping_status":"open","template":"","meta":{"_acf_changed":false},"product_brand":[114],"product_cat":[170],"product_tag":[],"class_list":{"0":"post-2273","1":"product","2":"type-product","3":"status-publish","4":"has-post-thumbnail","6":"product_brand-pet-felt","7":"product_cat-3d-akustikpaneele-aus-pvc-und-naturfurnier","9":"first","10":"instock","11":"purchasable","12":"product-type-variable"},"acf":[],"_links":{"self":[{"href":"https:\/\/cladding.gr\/de\/wp-json\/wp\/v2\/product\/2273","targetHints":{"allow":["GET"]}}],"collection":[{"href":"https:\/\/cladding.gr\/de\/wp-json\/wp\/v2\/product"}],"about":[{"href":"https:\/\/cladding.gr\/de\/wp-json\/wp\/v2\/types\/product"}],"replies":[{"embeddable":true,"href":"https:\/\/cladding.gr\/de\/wp-json\/wp\/v2\/comments?post=2273"}],"wp:featuredmedia":[{"embeddable":true,"href":"https:\/\/cladding.gr\/de\/wp-json\/wp\/v2\/media\/1749"}],"wp:attachment":[{"href":"https:\/\/cladding.gr\/de\/wp-json\/wp\/v2\/media?parent=2273"}],"wp:term":[{"taxonomy":"product_brand","embeddable":true,"href":"https:\/\/cladding.gr\/de\/wp-json\/wp\/v2\/product_brand?post=2273"},{"taxonomy":"product_cat","embeddable":true,"href":"https:\/\/cladding.gr\/de\/wp-json\/wp\/v2\/product_cat?post=2273"},{"taxonomy":"product_tag","embeddable":true,"href":"https:\/\/cladding.gr\/de\/wp-json\/wp\/v2\/product_tag?post=2273"}],"curies":[{"name":"wp","href":"https:\/\/api.w.org\/{rel}","templated":true}]}}