{"id":2239,"date":"2026-01-29T11:42:23","date_gmt":"2026-01-29T11:42:23","guid":{"rendered":"https:\/\/cladding.gr\/product\/flexible-steinplatten-slate-lite-nero\/"},"modified":"2026-01-29T11:42:23","modified_gmt":"2026-01-29T11:42:23","slug":"flexible-steinplatten-slate-lite-nero","status":"publish","type":"product","link":"https:\/\/cladding.gr\/de\/produkt\/flexible-steinplatten-slate-lite-nero\/","title":{"rendered":"Flexible Steinplatten Slate Lite \u2013 Nero"},"content":{"rendered":"<p>SLATE LITE Steinfurnier-Kollektion in 1,5 mm Dicke. Die 100% nat\u00fcrliche Steinoberfl\u00e4che ist auf der R\u00fcckseite mit fl\u00fcssigem Glasfasergewebe verst\u00e4rkt, f\u00fcr erh\u00f6hte Stabilit\u00e4t und einfache Verarbeitung. Es ist sowohl f\u00fcr den Innen- als auch f\u00fcr den Au\u00dfenbereich geeignet, zur Wandverkleidung, als Bodenbelag oder als Fliese in der K\u00fcche. Auch in Feuchtr\u00e4umen wie B\u00e4dern oder Duschen. Es l\u00e4sst sich leicht verlegen und der Preis bezieht sich auf das einzelne St\u00fcck. Lieferung erfolgt in Platten, die nahtlos aneinandergef\u00fcgt werden k\u00f6nnen.<br \/>\nF\u00fcr die Herstellung von Slate Lite werden die sch\u00f6nsten Gesteine aus aller Welt ausgew\u00e4hlt. Dank ihrer innovativen Technologie ist das Unternehmen in der Lage, extrem d\u00fcnne Steinplatten aus Rohbl\u00f6cken von bis zu 5 Tonnen zu produzieren.<br \/>\nDie Echtsteinfurniere bieten eine ansprechende \u00c4sthetik und hervorragende technische Eigenschaften: Sie sind extrem flexibel, sehr leicht, was die Transportkosten im Vergleich zu massiven Gesteinsst\u00fccken reduziert, tragen zum Schutz unserer nat\u00fcrlichen Ressourcen bei, enthalten gesundheitlich unbedenkliche chemische Elemente und erf\u00fcllen hohe Standards.<\/p>\n<p>Steintyp Schiefer<br \/>\nDie farbigen Echtsteinfurniere SLATE haben eine etwas weichere Steinoberfl\u00e4che und bestechen durch ihren Farbenreichtum sowie durch st\u00e4ndig wechselnde Muster und Strukturen.<\/p>\n<p>Abmessungen<br \/>\nL\u00e4nge: 1220 mm x Breite: 610 mm<br \/>\nL\u00e4nge: 2440 mm x Breite: 1200 mm<br \/>\nGesamtdicke: 1,5 mm<\/p>\n<p>Technische Daten:<br \/>\nOberfl\u00e4che: 100% Naturstein<br \/>\nTr\u00e4germaterial: Fiberglas (Glasfasergewebe)<br \/>\nm\u00b2 \/ Platte: (f\u00fcr die Abmessung 1220&#215;610 mm) = 0,7442<br \/>\nm\u00b2 \/ Platte: (f\u00fcr die Abmessung 2400&#215;1200 mm) = 2,8802<br \/>\nMaximale Temperatur: 120 \u00b0C<br \/>\nGewicht: ca. 1,5 kg\/m\u00b2<br \/>\nBiegeradius: ca. 5 cm<\/p>\n","protected":false},"excerpt":{"rendered":"<p>SLATE LITE Steinfurnier-Kollektion in 1,5 mm Dicke. Die 100% nat\u00fcrliche Steinoberfl\u00e4che ist auf der R\u00fcckseite mit fl\u00fcssigem Glasfasergewebe verst\u00e4rkt, f\u00fcr erh\u00f6hte Stabilit\u00e4t und einfache Verarbeitung. Es ist sowohl f\u00fcr den Innen- als auch f\u00fcr den Au\u00dfenbereich geeignet, zur Wandverkleidung, als Bodenbelag oder als Fliese in der K\u00fcche. Auch in Feuchtr\u00e4umen wie B\u00e4dern oder Duschen. Es l\u00e4sst sich leicht verlegen und der Preis bezieht sich auf das einzelne St\u00fcck. Lieferung erfolgt in Platten, die nahtlos aneinandergef\u00fcgt werden k\u00f6nnen.     <\/p>\n<p>Die Abmessungen jedes St\u00fccks sind:<br \/>\n\u2013 L\u00e4nge: 1220 mm x Breite: 610 mm<br \/>\n\u2013 L\u00e4nge: 2440 mm x Breite: 1200 mm<br \/>\n\u2013 Dicke: 1,5 mm<\/p>\n<p>Bei Cladding finden Sie verschiedene Designs und Farben, um das Passende f\u00fcr Ihren Raum auszuw\u00e4hlen!<\/p>\n","protected":false},"featured_media":1731,"comment_status":"open","ping_status":"closed","template":"","meta":{"_acf_changed":false},"product_brand":[106],"product_cat":[154,160],"product_tag":[],"class_list":{"0":"post-2239","1":"product","2":"type-product","3":"status-publish","4":"has-post-thumbnail","6":"product_brand-slate-lite","7":"product_cat-flexible-steinfurniere","8":"product_cat-slate-lite","10":"first","11":"instock","12":"purchasable","13":"product-type-variable"},"acf":[],"_links":{"self":[{"href":"https:\/\/cladding.gr\/de\/wp-json\/wp\/v2\/product\/2239","targetHints":{"allow":["GET"]}}],"collection":[{"href":"https:\/\/cladding.gr\/de\/wp-json\/wp\/v2\/product"}],"about":[{"href":"https:\/\/cladding.gr\/de\/wp-json\/wp\/v2\/types\/product"}],"replies":[{"embeddable":true,"href":"https:\/\/cladding.gr\/de\/wp-json\/wp\/v2\/comments?post=2239"}],"wp:featuredmedia":[{"embeddable":true,"href":"https:\/\/cladding.gr\/de\/wp-json\/wp\/v2\/media\/1731"}],"wp:attachment":[{"href":"https:\/\/cladding.gr\/de\/wp-json\/wp\/v2\/media?parent=2239"}],"wp:term":[{"taxonomy":"product_brand","embeddable":true,"href":"https:\/\/cladding.gr\/de\/wp-json\/wp\/v2\/product_brand?post=2239"},{"taxonomy":"product_cat","embeddable":true,"href":"https:\/\/cladding.gr\/de\/wp-json\/wp\/v2\/product_cat?post=2239"},{"taxonomy":"product_tag","embeddable":true,"href":"https:\/\/cladding.gr\/de\/wp-json\/wp\/v2\/product_tag?post=2239"}],"curies":[{"name":"wp","href":"https:\/\/api.w.org\/{rel}","templated":true}]}}