{"id":2384,"date":"2025-09-02T12:20:59","date_gmt":"2025-09-02T12:20:59","guid":{"rendered":"https:\/\/cladding.gr\/cookie-richtlinie-eu\/"},"modified":"2026-01-30T12:27:02","modified_gmt":"2026-01-30T12:27:02","slug":"cookie-richtlinie-eu","status":"publish","type":"page","link":"https:\/\/cladding.gr\/de\/cookie-richtlinie-eu\/","title":{"rendered":"Cookie-Richtlinie (EU)"},"content":{"rendered":"\t\t<div data-elementor-type=\"wp-page\" data-elementor-id=\"2384\" class=\"elementor elementor-2384 elementor-3\" data-elementor-post-type=\"page\">\n\t\t\t\t<div data-particle_enable=\"false\" data-particle-mobile-disabled=\"false\" class=\"elementor-element elementor-element-4e17828b e-flex e-con-boxed e-con e-parent\" data-id=\"4e17828b\" data-element_type=\"container\">\n\t\t\t\t\t<div class=\"e-con-inner\">\n\t\t\t\t<div class=\"elementor-element elementor-element-366764f elementor-widget elementor-widget-text-editor\" data-id=\"366764f\" data-element_type=\"widget\" data-widget_type=\"text-editor.default\">\n\t\t\t\t\t\t\t\t\t<p><i>Diese Cookie-Richtlinie wurde am 24. Mai 2024 aktualisiert und gilt f\u00fcr B\u00fcrger und rechtm\u00e4\u00dfige Einwohner des Europ\u00e4ischen Wirtschaftsraums und der Schweiz.<\/i><\/p><h3>1. Einleitung<\/h3><p>Unsere Website, <a href=\"https:\/\/cladding.gr\/de\/\" target=\"_blank\" rel=\"noopener\">https:\/\/cladding.gr<\/a> (im Folgenden: \u201edie Website\u201c), verwendet Cookies und andere verwandte Technologien (der Einfachheit halber werden alle Technologien als \u201eCookies\u201c bezeichnet). Cookies werden auch von Dritten platziert, mit denen wir zusammenarbeiten. Im folgenden Dokument informieren wir Sie \u00fcber die Verwendung von Cookies auf unserer Website.  <\/p><h3>2. Was sind Cookies?<\/h3><p>Ein Cookie ist eine kleine Datei, die mit den Seiten dieser Website gesendet und von Ihrem Browser auf der Festplatte Ihres Computers oder eines anderen Ger\u00e4ts gespeichert wird. Die dort gespeicherten Informationen k\u00f6nnen bei einem sp\u00e4teren Besuch an unsere Server oder an die Server der betreffenden Dritten \u00fcbertragen werden. <\/p><h3>3. Was sind Skripte?<\/h3><p>Ein Skript ist ein Codefragment, das verwendet wird, um unsere Website korrekt und interaktiv zu gestalten. Dieser Code wird auf unserem Server oder auf Ihrem Ger\u00e4t ausgef\u00fchrt. <\/p><h3>4. Was ist ein Web-Beacon?<\/h3><p>Ein Web-Beacon (oder ein Pixel-Tag) ist ein kleines, unsichtbares Text- oder Bildfragment auf einer Website, das zur \u00dcberwachung des Website-Verkehrs verwendet wird. Dazu werden verschiedene Daten \u00fcber Sie mithilfe der Web-Beacons gespeichert. <\/p><h3>5. Cookies<\/h3><h3>5.1 Technische oder Funktionale Cookies<\/h3><p>Einige Cookies stellen sicher, dass bestimmte Teile der Website ordnungsgem\u00e4\u00df funktionieren und Ihre Benutzereinstellungen bekannt bleiben. Durch das Platzieren funktionaler Cookies erleichtern wir Ihnen den Besuch unserer Website. Auf diese Weise m\u00fcssen Sie beim Besuch unserer Website nicht wiederholt dieselben Informationen eingeben, zum Beispiel bleiben Produkte in Ihrem Warenkorb, bis Sie Ihre Zahlung abgeschlossen haben. Wir d\u00fcrfen diese Cookies ohne Ihre Zustimmung platzieren.   <\/p><h3>5.2 Statistik-Cookies<\/h3><p>Wir verwenden Statistik-Cookies, um die Benutzererfahrung auf unserer Website zu optimieren. Mit diesen Statistik-Cookies erhalten wir wichtige Informationen \u00fcber die Nutzung unserer Website. Wir bitten um Ihre Erlaubnis, Statistik-Cookies zu platzieren.  <\/p><h3>5.3 Marketing-\/Tracking-Cookies<\/h3><p>Marketing-\/Tracking-Cookies sind Cookies oder jede andere Form der lokalen Speicherung, die verwendet werden, um Benutzerprofile zu erstellen, um Werbung anzuzeigen, oder um den Benutzer auf dieser Website oder \u00fcber verschiedene Websites hinweg f\u00fcr \u00e4hnliche Marketingzwecke zu verfolgen.<\/p><h3>5.4 Soziale Netzwerke<\/h3><p>Auf unserer Website haben wir Inhalte von Facebook, Instagram und Pinterest integriert, um Webseiten zu bewerben (z. B. \u201eGef\u00e4llt mir\u201c, \u201ePin\u201c) oder in sozialen Netzwerken wie Facebook, Instagram und Pinterest zu teilen (z. B. \u201eTweet\u201c). Diese Inhalte sind mit Code von Facebook, Instagram und Pinterest eingebettet und platzieren Cookies. Diese Inhalte k\u00f6nnen bestimmte Informationen f\u00fcr personalisierte Werbung speichern und verarbeiten.  <\/p><p>Bitte lesen Sie die Datenschutzerkl\u00e4rung dieser sozialen Netzwerke (die sich regelm\u00e4\u00dfig \u00e4ndern kann), um zu verstehen, was sie mit Ihren (personenbezogenen) Daten tun, die sie mithilfe dieser Cookies verarbeiten. Die abgerufenen Daten werden so weit wie m\u00f6glich anonymisiert. Facebook, Instagram und Pinterest befinden sich in den Vereinigten Staaten.  <\/p><h3>6. Platzierte Cookies<\/h3><ul><li><strong>Wistia<\/strong> \u2013 Statistik, Marketing \/ Tracking<\/li><li><strong>WooCommerce<\/strong> \u2013 Funktional<\/li><li><strong>WordPress<\/strong> \u2013 Funktional<\/li><li><strong>Facebook<\/strong> \u2013 Marketing \/ Tracking, Funktional<\/li><li><strong>Google Analytics<\/strong> \u2013 Statistik<\/li><li><strong>Sourcebuster JS<\/strong> \u2013 Statistik<\/li><li><strong>Adobe Fonts<\/strong> \u2013 Marketing \/ Tracking<\/li><li><strong>Google reCAPTCHA<\/strong> \u2013 Marketing \/ Tracking<\/li><li><strong>Google Maps<\/strong> \u2013 Marketing \/ Tracking<\/li><li><strong>YouTube<\/strong> \u2013 Marketing \/ Tracking<\/li><li><strong>Verschiedenes<\/strong> \u2013 Statistik<\/li><\/ul><h3>7. Zustimmung<\/h3><p>Wenn Sie unsere Website zum ersten Mal besuchen, zeigen wir Ihnen ein Pop-up mit einer Erkl\u00e4rung zu Cookies. Sobald Sie auf \u201eEinstellungen speichern\u201c klicken, erkl\u00e4ren Sie sich damit einverstanden, dass wir alle im Pop-up und in dieser Cookie-Richtlinie ausgew\u00e4hlten Kategorien von Cookies und Plugins verwenden d\u00fcrfen. Sie k\u00f6nnen die Verwendung von Cookies \u00fcber Ihren Browser deaktivieren, beachten Sie jedoch, dass unsere Website m\u00f6glicherweise nicht mehr ordnungsgem\u00e4\u00df funktioniert.  <\/p><h3>7.1 Verwaltung der Zustimmungseinstellungen<\/h3><ul><li>Funktional \u2013 Immer aktiv<\/li><li>Pr\u00e4ferenzen<\/li><li>Statistik<\/li><li>Marketing<\/li><\/ul><p>Die technische Speicherung oder der Zugriff ist erforderlich, um Benutzerprofile zu erstellen, um Werbung zu versenden oder um den Benutzer auf einer Website oder \u00fcber verschiedene Websites hinweg f\u00fcr \u00e4hnliche Marketingzwecke zu verfolgen.<\/p><h3>8. Aktivierung\/Deaktivierung und L\u00f6schen von Cookies<\/h3><p>Sie k\u00f6nnen Ihren Browser verwenden, um Cookies automatisch oder manuell zu l\u00f6schen. Sie k\u00f6nnen auch festlegen, dass bestimmte Cookies nicht platziert werden. Eine weitere Option ist, die Einstellungen Ihres Browsers so zu \u00e4ndern, dass Sie jedes Mal eine Nachricht erhalten, wenn ein Cookie platziert wird. Weitere Informationen zu diesen Optionen finden Sie in den Anweisungen im Abschnitt \u201eHilfe\u201c Ihres Browsers.   <\/p><p>Bitte beachten Sie, dass unsere Website m\u00f6glicherweise nicht ordnungsgem\u00e4\u00df funktioniert, wenn alle Cookies deaktiviert sind. Wenn Sie Cookies aus Ihrem Browser l\u00f6schen, werden diese nach Ihrer Zustimmung erneut platziert, wenn Sie unsere Website erneut besuchen. <\/p><h3>9. Ihre Rechte bez\u00fcglich personenbezogener Daten<\/h3><p>Sie haben die folgenden Rechte bez\u00fcglich Ihrer personenbezogenen Daten:<\/p><ul><li>Sie haben das Recht zu erfahren, warum Ihre personenbezogenen Daten ben\u00f6tigt werden, was mit ihnen geschieht und wie lange sie aufbewahrt werden.<\/li><li>Recht auf Auskunft: Sie haben das Recht auf Auskunft \u00fcber die uns bekannten personenbezogenen Daten.<\/li><li>Recht auf Berichtigung: Sie haben das Recht, Ihre personenbezogenen Daten jederzeit zu erg\u00e4nzen, zu korrigieren, zu l\u00f6schen oder zu sperren.<\/li><li>Wenn Sie uns Ihre Zustimmung zur Verarbeitung Ihrer Daten gegeben haben, haben Sie das Recht, diese Zustimmung zu widerrufen und Ihre personenbezogenen Daten l\u00f6schen zu lassen.<\/li><li>Recht auf Daten\u00fcbertragbarkeit: Sie haben das Recht, alle Ihre personenbezogenen Daten vom Verantwortlichen anzufordern und sie vollst\u00e4ndig an einen anderen Verantwortlichen zu \u00fcbermitteln.<\/li><li>Widerspruchsrecht: Sie k\u00f6nnen der Verarbeitung Ihrer Daten widersprechen. Dem kommen wir nach, es sei denn, es gibt berechtigte Gr\u00fcnde f\u00fcr die Verarbeitung. <\/li><\/ul><p>Um diese Rechte auszu\u00fcben, kontaktieren Sie uns bitte. Bitte beachten Sie die Kontaktdaten am Ende dieser Cookie-Richtlinie. Wenn Sie eine Beschwerde dar\u00fcber haben, wie wir mit Ihren Daten umgehen, w\u00fcrden wir uns freuen, wenn Sie uns kontaktieren, Sie haben jedoch auch das Recht, eine Beschwerde bei der Aufsichtsbeh\u00f6rde (der Datenschutzbeh\u00f6rde) einzureichen.  <\/p><h3>10. Kontaktdaten<\/h3><p>F\u00fcr Fragen und\/oder Kommentare zu dieser Cookie-Richtlinie und Erkl\u00e4rung, kontaktieren Sie uns bitte \u00fcber die untenstehenden Kontaktdaten:<\/p><p>Alieutikis 99, Elefsina<br>2105549006<br><a href=\"mailto:orders@cladding.gr\">orders@cladding.gr<\/a><br><a href=\"https:\/\/cladding.gr\/de\/\">cladding.gr<\/a><\/p><p><em>Diese Cookie-Richtlinie wurde am 14. Juli 2025 mit cookiedatabase.org synchronisiert.<\/em><\/p>\t\t\t\t\t\t\t\t<\/div>\n\t\t\t\t\t<\/div>\n\t\t\t\t<\/div>\n\t\t\t\t<\/div>\n\t\t","protected":false},"excerpt":{"rendered":"<p>Diese Cookie-Richtlinie wurde am 24. Mai 2024 aktualisiert und gilt f\u00fcr B\u00fcrger und rechtm\u00e4\u00dfige Einwohner des Europ\u00e4ischen Wirtschaftsraums und der Schweiz. 1. Einleitung Unsere Website, https:\/\/cladding.gr (im Folgenden: \u201edie Website\u201c), verwendet Cookies und andere verwandte Technologien (der Einfachheit halber werden alle Technologien als \u201eCookies\u201c bezeichnet). Cookies werden auch von Dritten platziert, mit denen wir zusammenarbeiten. [&hellip;]<\/p>\n","protected":false},"author":1,"featured_media":0,"parent":0,"menu_order":0,"comment_status":"closed","ping_status":"open","template":"","meta":{"_acf_changed":false,"footnotes":""},"class_list":["post-2384","page","type-page","status-publish","hentry"],"acf":[],"_links":{"self":[{"href":"https:\/\/cladding.gr\/de\/wp-json\/wp\/v2\/pages\/2384","targetHints":{"allow":["GET"]}}],"collection":[{"href":"https:\/\/cladding.gr\/de\/wp-json\/wp\/v2\/pages"}],"about":[{"href":"https:\/\/cladding.gr\/de\/wp-json\/wp\/v2\/types\/page"}],"author":[{"embeddable":true,"href":"https:\/\/cladding.gr\/de\/wp-json\/wp\/v2\/users\/1"}],"replies":[{"embeddable":true,"href":"https:\/\/cladding.gr\/de\/wp-json\/wp\/v2\/comments?post=2384"}],"version-history":[{"count":1,"href":"https:\/\/cladding.gr\/de\/wp-json\/wp\/v2\/pages\/2384\/revisions"}],"predecessor-version":[{"id":2385,"href":"https:\/\/cladding.gr\/de\/wp-json\/wp\/v2\/pages\/2384\/revisions\/2385"}],"wp:attachment":[{"href":"https:\/\/cladding.gr\/de\/wp-json\/wp\/v2\/media?parent=2384"}],"curies":[{"name":"wp","href":"https:\/\/api.w.org\/{rel}","templated":true}]}}