{"id":2354,"date":"2025-09-05T12:09:09","date_gmt":"2025-09-05T12:09:09","guid":{"rendered":"https:\/\/cladding.gr\/ueber-uns\/"},"modified":"2026-01-30T12:25:39","modified_gmt":"2026-01-30T12:25:39","slug":"ueber-uns","status":"publish","type":"page","link":"https:\/\/cladding.gr\/de\/ueber-uns\/","title":{"rendered":"\u00dcber uns"},"content":{"rendered":"\t\t<div data-elementor-type=\"wp-page\" data-elementor-id=\"2354\" class=\"elementor elementor-2354 elementor-671\" data-elementor-post-type=\"page\">\n\t\t\t\t\t\t<section data-particle_enable=\"false\" data-particle-mobile-disabled=\"false\" class=\"elementor-section elementor-top-section elementor-element elementor-element-b05246b elementor-section-boxed elementor-section-height-default elementor-section-height-default\" data-id=\"b05246b\" data-element_type=\"section\" data-settings=\"{&quot;background_background&quot;:&quot;classic&quot;}\">\n\t\t\t\t\t\t<div class=\"elementor-container elementor-column-gap-default\">\n\t\t\t\t\t<div class=\"elementor-column elementor-col-100 elementor-top-column elementor-element elementor-element-5172f2f\" data-id=\"5172f2f\" data-element_type=\"column\" data-settings=\"{&quot;background_background&quot;:&quot;classic&quot;}\">\n\t\t\t<div class=\"elementor-widget-wrap elementor-element-populated\">\n\t\t\t\t\t\t<section data-particle_enable=\"false\" data-particle-mobile-disabled=\"false\" class=\"elementor-section elementor-inner-section elementor-element elementor-element-b72b52a elementor-section-boxed elementor-section-height-default elementor-section-height-default\" data-id=\"b72b52a\" data-element_type=\"section\">\n\t\t\t\t\t\t<div class=\"elementor-container elementor-column-gap-default\">\n\t\t\t\t\t<div class=\"elementor-column elementor-col-100 elementor-inner-column elementor-element elementor-element-17cbabe\" data-id=\"17cbabe\" data-element_type=\"column\">\n\t\t\t<div class=\"elementor-widget-wrap elementor-element-populated\">\n\t\t\t\t\t\t<div class=\"elementor-element elementor-element-ccb34b3 elementor-widget elementor-widget-eael-breadcrumbs\" data-id=\"ccb34b3\" data-element_type=\"widget\" data-widget_type=\"eael-breadcrumbs.default\">\n\t\t\t\t<div class=\"elementor-widget-container\">\n\t\t\t\t\t\t\t<div class=\"eael-breadcrumbs\">\n\t\t\t<div class=\"eael-breadcrumbs__content\"><a href=\"https:\/\/cladding.gr\/de\/\">\u0391\u03c1\u03c7\u03b9\u03ba\u03ae<\/a> <span class=\"eael-breadcrumb-separator\">|<\/span> <span class = \"eael-current\">Seite<\/span><\/div>\t\t<\/div>\n\t\t\t\t\t\t<\/div>\n\t\t\t\t<\/div>\n\t\t\t\t<div class=\"elementor-element elementor-element-98b04f3 elementor-widget elementor-widget-heading\" data-id=\"98b04f3\" data-element_type=\"widget\" data-widget_type=\"heading.default\">\n\t\t\t\t\t<h2 class=\"elementor-heading-title elementor-size-default\">\u00dcber uns<\/h2>\t\t\t\t<\/div>\n\t\t\t\t<div class=\"elementor-element elementor-element-c096012 elementor-hidden-desktop elementor-hidden-tablet elementor-widget elementor-widget-spacer\" data-id=\"c096012\" data-element_type=\"widget\" data-widget_type=\"spacer.default\">\n\t\t\t\t\t\t\t<div class=\"elementor-spacer\">\n\t\t\t<div class=\"elementor-spacer-inner\"><\/div>\n\t\t<\/div>\n\t\t\t\t\t\t<\/div>\n\t\t\t\t\t<\/div>\n\t\t<\/div>\n\t\t\t\t\t<\/div>\n\t\t<\/section>\n\t\t\t\t\t<\/div>\n\t\t<\/div>\n\t\t\t\t\t<\/div>\n\t\t<\/section>\n\t\t\t\t<section data-particle_enable=\"false\" data-particle-mobile-disabled=\"false\" class=\"elementor-section elementor-top-section elementor-element elementor-element-833a001 elementor-section-boxed elementor-section-height-default elementor-section-height-default\" data-id=\"833a001\" data-element_type=\"section\">\n\t\t\t\t\t\t<div class=\"elementor-container elementor-column-gap-default\">\n\t\t\t\t\t<div class=\"elementor-column elementor-col-100 elementor-top-column elementor-element elementor-element-eb0b5d9\" data-id=\"eb0b5d9\" data-element_type=\"column\">\n\t\t\t<div class=\"elementor-widget-wrap elementor-element-populated\">\n\t\t\t\t\t\t<div class=\"elementor-element elementor-element-4dff116 elementor-widget elementor-widget-heading\" data-id=\"4dff116\" data-element_type=\"widget\" data-widget_type=\"heading.default\">\n\t\t\t\t\t<h2 class=\"elementor-heading-title elementor-size-default\">Entdecken Sie die neue Generation von L\u00f6sungen f\u00fcr Wanddekoration\/Wandverkleidung.<\/h2>\t\t\t\t<\/div>\n\t\t<div data-particle_enable=\"false\" data-particle-mobile-disabled=\"false\" class=\"elementor-element elementor-element-cbcc2bd e-con-full e-flex e-con e-parent\" data-id=\"cbcc2bd\" data-element_type=\"container\">\n\t\t\t\t<div class=\"elementor-element elementor-element-6de4479 elementor-widget__width-initial elementor-widget elementor-widget-text-editor\" data-id=\"6de4479\" data-element_type=\"widget\" data-widget_type=\"text-editor.default\">\n\t\t\t\t\t\t\t\t\t<p><b>Besuchen Sie unseren Online-Shop und werten Sie Ihren Raum mit fortschrittlichen, funktionalen und \u00e4sthetisch ansprechenden Materialien auf.<\/b><\/p><p><span style=\"font-weight: 400;\">Bei <\/span><b style=\"color: #893e30;\">Cladding.gr <\/b><span style=\"font-weight: 400;\">pr\u00e4sentieren wir eine der dynamischsten Kollektionen zuverl\u00e4ssiger Marken auf dem griechischen Markt. Wir bieten Ihnen gezielte Vorschl\u00e4ge f\u00fcr innovative und einfach zu installierende Produkte, jahrzehntelanges Know-how und ein vereinfachtes digitales Erlebnis, egal ob Sie Endkunde oder Fachmann sind.<\/span><\/p>\t\t\t\t\t\t\t\t<\/div>\n\t\t\t\t<div class=\"elementor-element elementor-element-ccd53f5 elementor-widget__width-initial elementor-widget elementor-widget-image\" data-id=\"ccd53f5\" data-element_type=\"widget\" data-widget_type=\"image.default\">\n\t\t\t\t\t\t\t\t\t\t\t\t\t\t\t<img fetchpriority=\"high\" decoding=\"async\" width=\"800\" height=\"348\" src=\"https:\/\/cladding.gr\/wp-content\/uploads\/2025\/09\/logo-stacked-fullcolor.png\" class=\"attachment-large size-large wp-image-1856\" alt=\"\" srcset=\"https:\/\/cladding.gr\/wp-content\/uploads\/2025\/09\/logo-stacked-fullcolor.png 835w, https:\/\/cladding.gr\/wp-content\/uploads\/2025\/09\/logo-stacked-fullcolor-300x130.png 300w, https:\/\/cladding.gr\/wp-content\/uploads\/2025\/09\/logo-stacked-fullcolor-768x334.png 768w, https:\/\/cladding.gr\/wp-content\/uploads\/2025\/09\/logo-stacked-fullcolor-600x261.png 600w\" sizes=\"(max-width: 800px) 100vw, 800px\" \/>\t\t\t\t\t\t\t\t\t\t\t\t\t\t\t<\/div>\n\t\t\t\t<\/div>\n\t\t\t\t\t<\/div>\n\t\t<\/div>\n\t\t\t\t\t<\/div>\n\t\t<\/section>\n\t\t\t\t<section data-particle_enable=\"false\" data-particle-mobile-disabled=\"false\" class=\"elementor-section elementor-top-section elementor-element elementor-element-af9c2df elementor-section-boxed elementor-section-height-default elementor-section-height-default\" data-id=\"af9c2df\" data-element_type=\"section\">\n\t\t\t\t\t\t<div class=\"elementor-container elementor-column-gap-default\">\n\t\t\t\t\t<div class=\"elementor-column elementor-col-50 elementor-top-column elementor-element elementor-element-9f30296\" data-id=\"9f30296\" data-element_type=\"column\">\n\t\t\t<div class=\"elementor-widget-wrap elementor-element-populated\">\n\t\t\t\t\t\t<div class=\"elementor-element elementor-element-9ed10f5 elementor-widget elementor-widget-image\" data-id=\"9ed10f5\" data-element_type=\"widget\" data-widget_type=\"image.default\">\n\t\t\t\t\t\t\t\t\t\t\t\t\t\t\t<img decoding=\"async\" width=\"800\" height=\"527\" src=\"https:\/\/cladding.gr\/wp-content\/uploads\/2025\/09\/\u039e\u03cd\u03bb\u03b9\u03bd\u03b5\u03c2-\u0395\u03c0\u03b5\u03bd\u03b4\u03cd\u03c3\u03b5\u03b9\u03c2-\u03a4\u03bf\u03af\u03c7\u03bf\u03c5-Tara-02-1024x674.jpg\" class=\"attachment-large size-large wp-image-2021\" alt=\"\" srcset=\"https:\/\/cladding.gr\/wp-content\/uploads\/2025\/09\/\u039e\u03cd\u03bb\u03b9\u03bd\u03b5\u03c2-\u0395\u03c0\u03b5\u03bd\u03b4\u03cd\u03c3\u03b5\u03b9\u03c2-\u03a4\u03bf\u03af\u03c7\u03bf\u03c5-Tara-02-1024x674.jpg 1024w, https:\/\/cladding.gr\/wp-content\/uploads\/2025\/09\/\u039e\u03cd\u03bb\u03b9\u03bd\u03b5\u03c2-\u0395\u03c0\u03b5\u03bd\u03b4\u03cd\u03c3\u03b5\u03b9\u03c2-\u03a4\u03bf\u03af\u03c7\u03bf\u03c5-Tara-02-300x198.jpg 300w, https:\/\/cladding.gr\/wp-content\/uploads\/2025\/09\/\u039e\u03cd\u03bb\u03b9\u03bd\u03b5\u03c2-\u0395\u03c0\u03b5\u03bd\u03b4\u03cd\u03c3\u03b5\u03b9\u03c2-\u03a4\u03bf\u03af\u03c7\u03bf\u03c5-Tara-02-768x506.jpg 768w, https:\/\/cladding.gr\/wp-content\/uploads\/2025\/09\/\u039e\u03cd\u03bb\u03b9\u03bd\u03b5\u03c2-\u0395\u03c0\u03b5\u03bd\u03b4\u03cd\u03c3\u03b5\u03b9\u03c2-\u03a4\u03bf\u03af\u03c7\u03bf\u03c5-Tara-02-1536x1011.jpg 1536w, https:\/\/cladding.gr\/wp-content\/uploads\/2025\/09\/\u039e\u03cd\u03bb\u03b9\u03bd\u03b5\u03c2-\u0395\u03c0\u03b5\u03bd\u03b4\u03cd\u03c3\u03b5\u03b9\u03c2-\u03a4\u03bf\u03af\u03c7\u03bf\u03c5-Tara-02-600x395.jpg 600w, https:\/\/cladding.gr\/wp-content\/uploads\/2025\/09\/\u039e\u03cd\u03bb\u03b9\u03bd\u03b5\u03c2-\u0395\u03c0\u03b5\u03bd\u03b4\u03cd\u03c3\u03b5\u03b9\u03c2-\u03a4\u03bf\u03af\u03c7\u03bf\u03c5-Tara-02.jpg 1920w\" sizes=\"(max-width: 800px) 100vw, 800px\" \/>\t\t\t\t\t\t\t\t\t\t\t\t\t\t\t<\/div>\n\t\t\t\t\t<\/div>\n\t\t<\/div>\n\t\t\t\t<div class=\"elementor-column elementor-col-50 elementor-top-column elementor-element elementor-element-e9a437d\" data-id=\"e9a437d\" data-element_type=\"column\">\n\t\t\t<div class=\"elementor-widget-wrap elementor-element-populated\">\n\t\t\t\t\t\t<div class=\"elementor-element elementor-element-fbf2709 elementor-widget elementor-widget-heading\" data-id=\"fbf2709\" data-element_type=\"widget\" data-widget_type=\"heading.default\">\n\t\t\t\t\t<h2 class=\"elementor-heading-title elementor-size-default\">Wer wir sind<\/h2>\t\t\t\t<\/div>\n\t\t\t\t<div class=\"elementor-element elementor-element-0726db4 elementor-widget elementor-widget-text-editor\" data-id=\"0726db4\" data-element_type=\"widget\" data-widget_type=\"text-editor.default\">\n\t\t\t\t\t\t\t\t\t<p><span style=\"font-weight: 400;\">Die<\/span><b> <b style=\"color: #893e30;\">Cladding.gr<\/b> <\/b><span style=\"font-weight: 400;\">ist ein zuverl\u00e4ssiges griechisches Unternehmen, das sich auf dekorative Innenwandverkleidungen spezialisiert hat. Mit fast 40 Jahren Erfahrung und fundiertem Know-how im Bereich architektonischer Anwendungen bietet es innovative Produkte von hoher \u00c4sthetik und fortschrittlicher Technologie. Eine Kollektion, die selbst den anspruchsvollsten Projektanforderungen gerecht wird: von Wohngeb\u00e4uden (Schlafzimmer, Wohnzimmer, Flure, Kinderzimmer) bis hin zu Gesch\u00e4ftsr\u00e4umen (Bildungseinrichtungen, Arztpraxen, Tanzschulen, Friseursalons, Einzelhandelsgesch\u00e4fte, B\u00fcros sowie Boote, Umkleider\u00e4ume usw.).<\/span><\/p><p><span style=\"font-weight: 400;\">Entwickelt f\u00fcr all jene, die ihren Raum <\/span><b>sogar selbst<\/b><span style=\"font-weight: 400;\"> mit dekorativen Verkleidungen erneuern m\u00f6chten, die perfekt den neuesten Trends entsprechen, wie sie j\u00e4hrlich in Mailand und auf europ\u00e4ischen Designausstellungen pr\u00e4sentiert werden. <\/span> <\/p>\t\t\t\t\t\t\t\t<\/div>\n\t\t\t\t\t<\/div>\n\t\t<\/div>\n\t\t\t\t\t<\/div>\n\t\t<\/section>\n\t\t\t\t<section data-particle_enable=\"false\" data-particle-mobile-disabled=\"false\" class=\"elementor-section elementor-top-section elementor-element elementor-element-38b01f4 elementor-section-boxed elementor-section-height-default elementor-section-height-default\" data-id=\"38b01f4\" data-element_type=\"section\">\n\t\t\t\t\t\t<div class=\"elementor-container elementor-column-gap-default\">\n\t\t\t\t\t<div class=\"elementor-column elementor-col-50 elementor-top-column elementor-element elementor-element-42a1aa3\" data-id=\"42a1aa3\" data-element_type=\"column\">\n\t\t\t<div class=\"elementor-widget-wrap elementor-element-populated\">\n\t\t\t\t\t\t<div class=\"elementor-element elementor-element-2c873a1 elementor-widget elementor-widget-heading\" data-id=\"2c873a1\" data-element_type=\"widget\" data-widget_type=\"heading.default\">\n\t\t\t\t\t<h2 class=\"elementor-heading-title elementor-size-default\">Was wir anbieten<\/h2>\t\t\t\t<\/div>\n\t\t\t\t<div class=\"elementor-element elementor-element-11064bc elementor-widget elementor-widget-text-editor\" data-id=\"11064bc\" data-element_type=\"widget\" data-widget_type=\"text-editor.default\">\n\t\t\t\t\t\t\t\t\t<p><span style=\"font-weight: 400;\">Innenwandverkleidungsprodukte, ideal sowohl f\u00fcr DIY-Anwendungen als auch f\u00fcr professionelle Projekte, mit hochwertigen Rohstoffen und einem Design, das der modernen Architektur und den Trends im Interior Design folgt.<\/span><\/p><p><span style=\"font-weight: 400;\">Entwickelt f\u00fcr all jene, die ihren Raum <\/span><b>sogar selbst<\/b><span style=\"font-weight: 400;\"> mit dekorativen Verkleidungen erneuern m\u00f6chten, die perfekt den neuesten Trends entsprechen, wie sie j\u00e4hrlich in Mailand und auf europ\u00e4ischen Designausstellungen pr\u00e4sentiert werden. <\/span> <\/p>\t\t\t\t\t\t\t\t<\/div>\n\t\t\t\t\t<\/div>\n\t\t<\/div>\n\t\t\t\t<div class=\"elementor-column elementor-col-50 elementor-top-column elementor-element elementor-element-de1296c\" data-id=\"de1296c\" data-element_type=\"column\">\n\t\t\t<div class=\"elementor-widget-wrap elementor-element-populated\">\n\t\t\t\t\t\t<div class=\"elementor-element elementor-element-fd191b0 elementor-widget elementor-widget-image\" data-id=\"fd191b0\" data-element_type=\"widget\" data-widget_type=\"image.default\">\n\t\t\t\t\t\t\t\t\t\t\t\t\t\t\t<img decoding=\"async\" width=\"800\" height=\"477\" src=\"https:\/\/cladding.gr\/wp-content\/uploads\/2025\/09\/\u03a0\u03ac\u03bd\u03b5\u03bb-\u03a4\u03c3\u03b9\u03bc\u03ad\u03bd\u03c4\u03bf\u03c5-Cemento-Non-Cemento-01-1024x610.jpg\" class=\"attachment-large size-large wp-image-2025\" alt=\"\" srcset=\"https:\/\/cladding.gr\/wp-content\/uploads\/2025\/09\/\u03a0\u03ac\u03bd\u03b5\u03bb-\u03a4\u03c3\u03b9\u03bc\u03ad\u03bd\u03c4\u03bf\u03c5-Cemento-Non-Cemento-01-1024x610.jpg 1024w, https:\/\/cladding.gr\/wp-content\/uploads\/2025\/09\/\u03a0\u03ac\u03bd\u03b5\u03bb-\u03a4\u03c3\u03b9\u03bc\u03ad\u03bd\u03c4\u03bf\u03c5-Cemento-Non-Cemento-01-300x179.jpg 300w, https:\/\/cladding.gr\/wp-content\/uploads\/2025\/09\/\u03a0\u03ac\u03bd\u03b5\u03bb-\u03a4\u03c3\u03b9\u03bc\u03ad\u03bd\u03c4\u03bf\u03c5-Cemento-Non-Cemento-01-768x457.jpg 768w, https:\/\/cladding.gr\/wp-content\/uploads\/2025\/09\/\u03a0\u03ac\u03bd\u03b5\u03bb-\u03a4\u03c3\u03b9\u03bc\u03ad\u03bd\u03c4\u03bf\u03c5-Cemento-Non-Cemento-01-1536x914.jpg 1536w, https:\/\/cladding.gr\/wp-content\/uploads\/2025\/09\/\u03a0\u03ac\u03bd\u03b5\u03bb-\u03a4\u03c3\u03b9\u03bc\u03ad\u03bd\u03c4\u03bf\u03c5-Cemento-Non-Cemento-01-2048x1219.jpg 2048w, https:\/\/cladding.gr\/wp-content\/uploads\/2025\/09\/\u03a0\u03ac\u03bd\u03b5\u03bb-\u03a4\u03c3\u03b9\u03bc\u03ad\u03bd\u03c4\u03bf\u03c5-Cemento-Non-Cemento-01-600x357.jpg 600w\" sizes=\"(max-width: 800px) 100vw, 800px\" \/>\t\t\t\t\t\t\t\t\t\t\t\t\t\t\t<\/div>\n\t\t\t\t\t<\/div>\n\t\t<\/div>\n\t\t\t\t\t<\/div>\n\t\t<\/section>\n\t\t\t\t<\/div>\n\t\t","protected":false},"excerpt":{"rendered":"<p>\u0391\u03c1\u03c7\u03b9\u03ba\u03ae | \u00dcber uns Entdecken Sie die neue Generation von L\u00f6sungen f\u00fcr Wanddekoration\/Wandverkleidung. Besuchen Sie unseren Online-Shop und werten Sie Ihren Raum mit fortschrittlichen, funktionalen und \u00e4sthetisch ansprechenden Materialien auf. Bei Cladding.gr pr\u00e4sentieren wir eine der dynamischsten Kollektionen zuverl\u00e4ssiger Marken auf dem griechischen Markt. Wir bieten Ihnen gezielte Vorschl\u00e4ge f\u00fcr innovative und einfach zu installierende [&hellip;]<\/p>\n","protected":false},"author":1,"featured_media":0,"parent":0,"menu_order":0,"comment_status":"closed","ping_status":"closed","template":"","meta":{"_acf_changed":false,"footnotes":""},"class_list":["post-2354","page","type-page","status-publish","hentry"],"acf":[],"_links":{"self":[{"href":"https:\/\/cladding.gr\/de\/wp-json\/wp\/v2\/pages\/2354","targetHints":{"allow":["GET"]}}],"collection":[{"href":"https:\/\/cladding.gr\/de\/wp-json\/wp\/v2\/pages"}],"about":[{"href":"https:\/\/cladding.gr\/de\/wp-json\/wp\/v2\/types\/page"}],"author":[{"embeddable":true,"href":"https:\/\/cladding.gr\/de\/wp-json\/wp\/v2\/users\/1"}],"replies":[{"embeddable":true,"href":"https:\/\/cladding.gr\/de\/wp-json\/wp\/v2\/comments?post=2354"}],"version-history":[{"count":1,"href":"https:\/\/cladding.gr\/de\/wp-json\/wp\/v2\/pages\/2354\/revisions"}],"predecessor-version":[{"id":2355,"href":"https:\/\/cladding.gr\/de\/wp-json\/wp\/v2\/pages\/2354\/revisions\/2355"}],"wp:attachment":[{"href":"https:\/\/cladding.gr\/de\/wp-json\/wp\/v2\/media?parent=2354"}],"curies":[{"name":"wp","href":"https:\/\/api.w.org\/{rel}","templated":true}]}}