{"id":2334,"date":"2025-09-08T13:09:11","date_gmt":"2025-09-08T13:09:11","guid":{"rendered":"https:\/\/cladding.gr\/allgemeine-geschaeftsbedingungen\/"},"modified":"2026-01-30T12:25:04","modified_gmt":"2026-01-30T12:25:04","slug":"allgemeine-geschaeftsbedingungen","status":"publish","type":"page","link":"https:\/\/cladding.gr\/de\/allgemeine-geschaeftsbedingungen\/","title":{"rendered":"Allgemeine Gesch\u00e4ftsbedingungen"},"content":{"rendered":"\t\t<div data-elementor-type=\"wp-page\" data-elementor-id=\"2334\" class=\"elementor elementor-2334 elementor-820\" data-elementor-post-type=\"page\">\n\t\t\t\t<div data-particle_enable=\"false\" data-particle-mobile-disabled=\"false\" class=\"elementor-element elementor-element-e537bd2 e-flex e-con-boxed e-con e-parent\" data-id=\"e537bd2\" data-element_type=\"container\">\n\t\t\t\t\t<div class=\"e-con-inner\">\n\t\t\t\t<div class=\"elementor-element elementor-element-0d294c2 elementor-widget elementor-widget-text-editor\" data-id=\"0d294c2\" data-element_type=\"widget\" data-widget_type=\"text-editor.default\">\n\t\t\t\t\t\t\t\t\t<ol>\n<li><b>\u00dcber die Website und den Online-Shop.<\/b>\n<p>Diese Website und der Online-Verkaufsshop \u201ewww.cladding.gr\u201c (im Folgenden: \u201eE-Shop\u201c) geh\u00f6rt dem Unternehmen mit dem Namen \u201eAFOI TROKOUDI ELTOP MONOPROSOPY ANONYMI BIOTECHNIKI EMPORIKI ETAIREIA EPEXERGASIAS XYLOY\u201c und dem Markennamen \u201ecladding.gr\u201c, mit Sitz in Griechenland, in der Gemeinde Elefsina, Stra\u00dfe Thesi Kokkinopyrgos Kalympaki (USt-IdNr.: 094470175, Finanzamt: FAE ATHINON). Dies stellt eine Information \u00fcber die Angaben dar, die gem\u00e4\u00df den einschl\u00e4gigen Bestimmungen des Gesetzes Nr. 2251\/1994, des Pr\u00e4sidialdekrets Nr. 131\/2003 und des Gesetzes Nr. 2472\/1997 in ihrer jeweils g\u00fcltigen Fassung erforderlich sind.<\/p>\n<\/li>\n<li><b>Eigenschaften der verkauften Produkte.<\/b>\n<p>Die Eigenschaften \u2013 Spezifikationen der im E-Shop zum Verkauf angebotenen Produkte sind auf unserer Hauptwebsite detailliert aufgef\u00fchrt. Es liegt in der Verantwortung des Kunden, sicherzustellen, dass die Spezifikationen der von ihm gekauften Produkte seinen Bed\u00fcrfnissen entsprechen und diese abdecken. <\/p>\n<p>Falls Sie sich bez\u00fcglich der Produkte, an denen Sie interessiert sind und die Sie kaufen m\u00f6chten, unsicher sind oder Zweifel haben, empfehlen wir Ihnen, sich \u00fcber die auf der Website angegebenen Kontaktdaten mit unseren Vertretern in Verbindung zu setzen, damit wir Ihnen bei der Auswahl der Produkte helfen k\u00f6nnen, die Ihren Bed\u00fcrfnissen entsprechen.<\/p>\n<p>cladding.gr haftet nicht f\u00fcr ungenaue Kundendaten.<\/p>\n<\/li>\n<li><b>Zu den auf unserer Website angegebenen Produktpreisen.<\/b>\n<p><span style=\"font-weight: 400;\">Alle Preise der Produkte im Online-Shop sind in Euro \u2013 \u20ac angegeben und enthalten 24 % Mehrwertsteuer, es sei denn, auf der Produktseite ist etwas anderes vermerkt.<\/span><span style=\"font-weight: 400;\"><br><\/span><span style=\"font-weight: 400;\">Die Preise k\u00f6nnen ohne Vorank\u00fcndigung ge\u00e4ndert werden und gelten f\u00fcr den Zeitraum, in dem sie auf der Website angezeigt werden. Sollte eine Bestellung zu einem anderen Preis aufgegeben und bezahlt worden sein, wird der Vertrag zu diesem Preis ausgef\u00fchrt. <\/span><span style=\"font-weight: 400;\"><br><\/span><span style=\"font-weight: 400;\">Alle Preise der Produkte im Online-Shop beinhalten nicht deren Installation, es sei denn, auf der Produktseite ist etwas anderes vermerkt.<\/span><span style=\"font-weight: 400;\"><br><\/span><span style=\"font-weight: 400;\">Die Transportkosten sind nicht in den angegebenen Produktpreisen enthalten und gehen zu Lasten des Kunden. Sie variieren je nach Versand- und Empfangsart des gekauften Produkts, wie unten unter (4) beschrieben.<\/span><\/p>\n<\/li>\n<li><b>Schritte zur Ausf\u00fchrung Ihrer Bestellung.<\/b>\n<ol>\n<li>Registrieren Sie sich auf unserer Website, indem Sie alle erforderlichen Felder ausf\u00fcllen.<\/li>\n<li>W\u00e4hlen Sie das Produkt aus, das Sie interessiert, und \u00fcberpr\u00fcfen Sie die Eigenschaften in dessen Beschreibung.<\/li>\n<li>Sie best\u00e4tigen, dass Sie die Kaufbedingungen nach dem Lesen akzeptieren.<\/li>\n<li>Die Bestellung wird per E-Mail best\u00e4tigt.<\/li>\n<li>Wir pr\u00fcfen die Verf\u00fcgbarkeit und kontaktieren Sie innerhalb von 2 Werktagen.<\/li>\n<li>Sie \u00fcberweisen den Betrag auf unser Bankkonto (oder per Karte\/Nachnahme).<\/li>\n<li>Wir senden Ihnen das Produkt auf die von Ihnen gew\u00e4hlte Weise zu.<\/li>\n<\/ol>\n<\/li>\n<li><b>Versandarten \u2013 Versandkosten.<\/b>\n<p><span style=\"font-weight: 400;\">Der Versand \u2013 die Abholung des von Ihnen gekauften Produkts kann auf folgende alternative Weisen erfolgen:<\/span><\/p>\n<p><span style=\"font-weight: 400;\">a. Versand per Spedition. <\/span><span style=\"font-weight: 400;\"><br><\/span><span style=\"font-weight: 400;\">Versand mit einer kooperierenden Spedition.<\/span><span style=\"font-weight: 400;\"><br><\/span><span style=\"font-weight: 400;\">Die Speditionskosten gehen zu Lasten des Kunden, nach Absprache mit der Spedition.<\/span><\/p>\n<p><span style=\"font-weight: 400;\">In jedem Fall k\u00f6nnen Sie Ihre Bestellung nach Absprache und Pr\u00fcfung der Produktverf\u00fcgbarkeit in unserem Werk abholen.<\/span><\/p>\n<\/li>\n<li><b>Zahlungsmethoden<\/b>\n<ul>\n<li><b>Bank\u00fcberweisung:<\/b> <span style=\"font-weight: 400;\">Nach der Einzahlung des Geldes kontaktieren Sie uns bitte telefonisch, per FAX oder E-Mail und informieren Sie uns \u00fcber die Einzahlung, indem Sie uns den Beleg zusenden. Geben Sie bei der Einzahlung Ihren vollst\u00e4ndigen Namen in die Empf\u00e4ngerinformationen ein.<\/span><\/li>\n<li><b>Barzahlung:<\/b> <span style=\"font-weight: 400;\">Der Kunde kann den Kaufpreis und die sonstigen vereinbarten Geb\u00fchren und Abgaben in bar an der Kasse unseres Gesch\u00e4fts bezahlen, wenn er bei den Zahlungsmethoden \u201eAbholung im Gesch\u00e4ft\u201c w\u00e4hlt.<\/span><\/li>\n<\/ul>\n<\/li>\n<li><b>Ausstellung von Belegen.<\/b>\n<p><span style=\"font-weight: 400;\">cladding.gr bietet Ihnen die M\u00f6glichkeit zu w\u00e4hlen, ob Sie eine Einzelhandelsquittung oder eine Rechnung erhalten m\u00f6chten (Rechnungen werden an Unternehmen, Werkst\u00e4tten, Gesch\u00e4fte, Vertretungen und Freiberufler ausgestellt, sofern die erforderlichen Angaben gemacht werden). Sie haben auch die M\u00f6glichkeit, Ihren Beleg nach Abschluss Ihrer Online-Transaktion auszudrucken. <\/span><\/p>\n<\/li>\n<li><b>Defekte Produkte.<\/b>\n<p><span style=\"font-weight: 400;\">cladding.gr verpflichtet sich zur Qualit\u00e4t der Produkte, zur Vollst\u00e4ndigkeit und Richtigkeit der auf ihrer Website bereitgestellten Informationen, vorbehaltlich technischer Fehler.<\/span><span style=\"font-weight: 400;\"><br><\/span><span style=\"font-weight: 400;\">Sollte ein Produkt nicht sofort verf\u00fcgbar sein, werden wir Sie telefonisch \u00fcber die voraussichtliche Lieferzeit informieren.<\/span><span style=\"font-weight: 400;\"><br><\/span><span style=\"font-weight: 400;\">Alle unsere Produkte werden verpackt von unseren Lieferanten bezogen. Sollte sich ein Produkt nachweislich als defekt erweisen, beh\u00e4lt sich der Kunde das Recht vor, das Produkt nach Absprache \u00fcber die R\u00fccksendemodalit\u00e4ten zur\u00fcckzusenden, und nach Best\u00e4tigung des Mangels ersetzen wir Ihnen das Produkt. <\/span><\/p>\n<\/li>\n<li><b>Verz\u00f6gerung bei der Auftragsausf\u00fchrung.<\/b>\n<p><span style=\"font-weight: 400;\">Gr\u00fcnde, die zu einer Verz\u00f6gerung Ihrer Bestellung f\u00fchren k\u00f6nnen, sind beispielsweise folgende:<\/span><span style=\"font-weight: 400;\"><br><\/span><span style=\"font-weight: 400;\">a. Versp\u00e4tete Lieferung des Produkts durch unseren Lieferanten<\/span><span style=\"font-weight: 400;\"><br><\/span><span style=\"font-weight: 400;\">b. Das Produkt wurde eingestellt oder ist bei unserem Lieferanten nicht verf\u00fcgbar<\/span><span style=\"font-weight: 400;\"><br><\/span><span style=\"font-weight: 400;\">c. F\u00e4lle h\u00f6herer Gewalt, wie extreme Wetterbedingungen, Feiertage und Streiks.<\/span><span style=\"font-weight: 400;\"><br><\/span><span style=\"font-weight: 400;\">d. Wenn eine telefonische Kontaktaufnahme mit Ihnen aufgrund unvollst\u00e4ndiger Angaben oder Kl\u00e4rungsbedarfs bez\u00fcglich des Produkts, des Versands oder der Zahlung des Produkts nicht m\u00f6glich ist.<\/span><\/p>\n<\/li>\n<li><b>Stornierung der Bestellung.<\/b>\n<p><span style=\"font-weight: 400;\">Sie haben die M\u00f6glichkeit, die Bestellung zu stornieren, sofern sie noch nicht versandt wurde und sich nicht bei einem Transportunternehmen befindet, und zwar ohne jegliche Kosten.<\/span><\/p>\n<\/li>\n<li><b>Widerrufsrecht \u2013 R\u00fcckerstattung.<\/b>\n<p><span style=\"font-weight: 400;\">Nach Erhalt des Produkts haben Sie das Recht, innerhalb von vierzehn (14) Kalendertagen ohne Angabe von Gr\u00fcnden vom Vertrag zur\u00fcckzutreten, indem Sie das Produkt im Originalzustand zur\u00fccksenden, wobei Ihnen lediglich die R\u00fccksendekosten entstehen. Zusammen mit dem Produkt m\u00fcssen Sie uns sowohl den ausgestellten Beleg (Quittung oder Rechnung) als auch jede schriftliche Produktgarantie zusenden. <\/span><span style=\"font-weight: 400;\"><br><\/span><span style=\"font-weight: 400;\">Im Falle der Aus\u00fcbung des Widerrufsrechts erstatten wir Ihnen den von Ihnen gezahlten Produktpreis innerhalb von 30 Kalendertagen.<\/span><\/p>\n<\/li>\n<li><b>Garantie.<\/b>\n<p><span style=\"font-weight: 400;\">F\u00fcr die Produktgarantie ist die Vorlage des Kaufbelegs oder der Rechnung sowie Ihres Personalausweises erforderlich, falls dies von unserem Gesch\u00e4ft verlangt wird. Im Falle eines Produktdefekts und sofern Ihre Garantie, wie auf der Website angegeben, g\u00fcltig ist, k\u00f6nnen Sie uns bez\u00fcglich eines Austauschs oder einer Reparatur kontaktieren. 4Walls.gr wird Sie \u00fcber die Verf\u00fcgbarkeit des Produkts oder des zur Behebung des Defekts erforderlichen Ersatzteils sowie \u00fcber die voraussichtliche Lieferzeit informieren.  <\/span><span style=\"font-weight: 400;\"><br><\/span><span style=\"font-weight: 400;\">Sollte das Ersatzteil in unserem Lager nicht verf\u00fcgbar sein, betr\u00e4gt die Lieferzeit in der Regel 7 Werktage, sofern es bei unserem Lieferanten vorr\u00e4tig ist. Ist das defekte Produkt nicht reparabel, ist die R\u00fccksendung an unser Lager Voraussetzung f\u00fcr den Austausch durch ein anderes. <\/span><span style=\"font-weight: 400;\"><br><\/span><span style=\"font-weight: 400;\">Der Kunde ist daf\u00fcr verantwortlich, das soeben erhaltene Produkt\/Ersatzteil vor der Verwendung \u2013 Installation zu \u00fcberpr\u00fcfen und sich von dessen Vollst\u00e4ndigkeit und der Vollst\u00e4ndigkeit seiner Teile zu \u00fcberzeugen. Im Falle eines Defekts oder fehlender Teile muss er sich umgehend mit unserem Unternehmen in Verbindung setzen. 4Walls.gr haftet nicht f\u00fcr die Ersch\u00f6pfung oder L\u00f6schung von Produkten durch seine Lieferanten. Produkte, die bereits repariert wurden oder Sch\u00e4den durch die Verwendung von nicht originalen oder falschen Ersatzteilen aufweisen, sind nicht von der Garantie abgedeckt.   <\/span><\/p>\n<\/li>\n<li><b>Nutzungsbedingungen.<\/b>\n<p><span style=\"font-weight: 400;\">4Walls.gr r\u00e4t allen Nutzern \u2013 Besuchern, die Nutzungsbedingungen des E-Shops zu lesen und, falls sie damit einverstanden sind, mit der weiteren Nutzung fortzufahren.<\/span><\/p>\n<\/li>\n<li><b>\u00c4nderungen der Nutzungsbedingungen.<\/b>\n<p><span style=\"font-weight: 400;\">Der Nutzer-Besucher des E-Shops versteht und stimmt zu, dass die oben genannten Bedingungen jederzeit im Rahmen der geltenden Gesetzgebung ohne vorherige Ank\u00fcndigung ge\u00e4ndert werden k\u00f6nnen.<\/span><span style=\"font-weight: 400;\"><br><\/span><span style=\"font-weight: 400;\">Aus diesem Grund empfehlen wir den Besuchern, diese Nutzungsbedingungen regelm\u00e4\u00dfig zu lesen.<\/span><\/p>\n<\/li>\n<li><b>Personenbezogene Daten.<\/b>\n<p><span style=\"font-weight: 400;\">Die personenbezogenen Daten (PbD), die Sie uns im Rahmen einer Transaktion \u00fcber diesen E-Shop mitteilen, sind absolut notwendig und werden ausschlie\u00dflich und strengstens zur Ausf\u00fchrung Ihrer Bestellung und zur Ausstellung der entsprechenden Belege verwendet. Diese Daten werden in unseren Akten f\u00fcr steuerliche, finanzielle oder andere verwandte Zwecke aufbewahrt. Wir geben die Daten, die uns unsere Kunden senden und die f\u00fcr die Abwicklung ihrer Transaktionen erforderlich sind, nicht an Dritte weiter, es sei denn, dies wird durch eine gerichtliche Entscheidung oder eine Entscheidung einer anderen \u00f6ffentlichen Beh\u00f6rde angeordnet.<\/span><span style=\"font-weight: 400;\"><br><\/span><span style=\"font-weight: 400;\">Der Nutzer des E-Shops hat jederzeit das Recht, auf die ihn betreffenden PbD zuzugreifen, nachdem er einen entsprechenden Antrag gestellt hat.<\/span><span style=\"font-weight: 400;\"><br><\/span><span style=\"font-weight: 400;\">In jedem Fall gelten die Bestimmungen des Gesetzes Nr. 2472\/1997 in seiner jeweils g\u00fcltigen Fassung.<\/span><\/p>\n<\/li>\n<li><b>Gerichtsstandvereinbarung.<\/b>\n<p><span style=\"font-weight: 400;\">F\u00fcr alle Streitigkeiten, die sich aus oder im Zusammenhang mit einer \u00fcber diesen E-Shop get\u00e4tigten oder beabsichtigten Transaktion ergeben sollten, sind die Gerichte von Athen zust\u00e4ndig.<\/span><\/p>\n<\/li>\n<\/ol>\t\t\t\t\t\t\t\t<\/div>\n\t\t\t\t\t<\/div>\n\t\t\t\t<\/div>\n\t\t\t\t<\/div>\n\t\t","protected":false},"excerpt":{"rendered":"<p>\u00dcber die Website und den Online-Shop. Diese Website und der Online-Verkaufsshop \u201ewww.cladding.gr\u201c (im Folgenden: \u201eE-Shop\u201c) geh\u00f6rt dem Unternehmen mit dem Namen \u201eAFOI TROKOUDI ELTOP MONOPROSOPY ANONYMI BIOTECHNIKI EMPORIKI ETAIREIA EPEXERGASIAS XYLOY\u201c und dem Markennamen \u201ecladding.gr\u201c, mit Sitz in Griechenland, in der Gemeinde Elefsina, Stra\u00dfe Thesi Kokkinopyrgos Kalympaki (USt-IdNr.: 094470175, Finanzamt: FAE ATHINON). Dies stellt eine [&hellip;]<\/p>\n","protected":false},"author":1,"featured_media":0,"parent":0,"menu_order":0,"comment_status":"closed","ping_status":"closed","template":"","meta":{"_acf_changed":false,"footnotes":""},"class_list":["post-2334","page","type-page","status-publish","hentry"],"acf":[],"_links":{"self":[{"href":"https:\/\/cladding.gr\/de\/wp-json\/wp\/v2\/pages\/2334","targetHints":{"allow":["GET"]}}],"collection":[{"href":"https:\/\/cladding.gr\/de\/wp-json\/wp\/v2\/pages"}],"about":[{"href":"https:\/\/cladding.gr\/de\/wp-json\/wp\/v2\/types\/page"}],"author":[{"embeddable":true,"href":"https:\/\/cladding.gr\/de\/wp-json\/wp\/v2\/users\/1"}],"replies":[{"embeddable":true,"href":"https:\/\/cladding.gr\/de\/wp-json\/wp\/v2\/comments?post=2334"}],"version-history":[{"count":1,"href":"https:\/\/cladding.gr\/de\/wp-json\/wp\/v2\/pages\/2334\/revisions"}],"predecessor-version":[{"id":2335,"href":"https:\/\/cladding.gr\/de\/wp-json\/wp\/v2\/pages\/2334\/revisions\/2335"}],"wp:attachment":[{"href":"https:\/\/cladding.gr\/de\/wp-json\/wp\/v2\/media?parent=2334"}],"curies":[{"name":"wp","href":"https:\/\/api.w.org\/{rel}","templated":true}]}}